{"id":2197,"date":"2019-06-06T22:06:11","date_gmt":"2019-06-06T22:06:11","guid":{"rendered":"http:\/\/inmo-capital.com\/?page_id=2197"},"modified":"2023-08-08T16:43:27","modified_gmt":"2023-08-08T16:43:27","slug":"renta","status":"publish","type":"page","link":"https:\/\/inmocapitalcuu.com\/?page_id=2197","title":{"rendered":"VENTA"},"content":{"rendered":"\n    <div data-search-form-selector='.js-es-search:not(.es-search--ignore-ajax)'>\n\n<div class=\"es-properties js-es-properties js-es-entities-wrap es-properties--hfm--full-width\">\n    \n    <div class=\"es-properties__list\">\n\t    \n<div class=\"es-listings__wrap-inner js-es-listings__wrap-inner js-es-entities__wrap_inner et_smooth_scroll_disabled\">\n    \n    <div data-entity=\"listings\" class=\"js-es-listings js-es-entities es-listings es-listings--list\" data-layout=\"es-listings--list\" data-hash=\"bGF5b3V0PWxpc3QmcG9zdHNfcGVyX3BhZ2U9NDAmZGlzYWJsZV9uYXZiYXI9MCZzaG93X3NvcnQ9MSZzaG93X3RvdGFsPTEmc2hvd19wYWdlX3RpdGxlPTEmc2hvd19sYXlvdXRzPTEmc29ydD1uZXdlc3QmbGltaXQ9MCZsb29wX3VpZD0xJnBhZ2VfdGl0bGU9VkVOVEEmaWdub3JlX3NlYXJjaD0wJnNlYXJjaF9mb3JtX3NlbGVjdG9yPS5qcy1lcy1zZWFyY2g6bm90KC5lcy1zZWFyY2gtLWlnbm9yZS1hamF4KSZlbmFibGVfc2VhcmNoPTAmc2VhcmNoX3R5cGU9c2ltcGxlJmVuYWJsZV9hamF4PTEmdmlld19hbGxfbGlua19uYW1lPVZlciB0b2RvJmRpc2FibGVfcGFnaW5hdGlvbj0wJndpc2hsaXN0X2NvbmZpcm09MCZoZm1fZnVsbF93aWR0aD0xJl9pZ25vcmVfY29vcmRpbmF0ZXM9MCZmaWVsZHNfZGVsaW1pdGVyPSwmc3RyaWN0X2FkZHJlc3M9MCZtYXBfc2hvdz0wJmF1dGhvcnM9MCZlc19jYXRlZ29yeT0yMjgmcmVzdF9yb3V0ZT0vd3AvdjIvcGFnZXMvMjE5Nw==\">\n            <\/div>\n\t        <div class=\"es-no-found-posts\">\n\t<h2 class=\"es-no-found-posts__title heading-font\">No hay resultados\n<\/h2>\n\t<p class=\"content-font\">Ajuste su b\u00fasqueda cambiando los filtros.\n<\/p>\n    <\/div>\n        <div class='es-powered content-font'>Powered by <a target='_blank' href='https:\/\/estatik.net'>Estatik<\/a><\/div><\/div>\n    <\/div>\n    <div class=\"js-es-properties__map es-properties__map \">\n\t        <div class=\"es-map-error content-font\">\n        \u00a1UPS! Esta p\u00e1gina no carg\u00f3 Google Maps correctamente. P\u00f3ngase en contacto con el administrador para solucionar este problema.    <\/div>\n    <\/div>\n<\/div>\n\n    <\/div>\n\n\n\n\n<p><\/p>\n","protected":false},"excerpt":{"rendered":"","protected":false},"author":1,"featured_media":0,"parent":0,"menu_order":0,"comment_status":"closed","ping_status":"closed","template":"","meta":{"footnotes":""},"_links":{"self":[{"href":"https:\/\/inmocapitalcuu.com\/index.php?rest_route=\/wp\/v2\/pages\/2197"}],"collection":[{"href":"https:\/\/inmocapitalcuu.com\/index.php?rest_route=\/wp\/v2\/pages"}],"about":[{"href":"https:\/\/inmocapitalcuu.com\/index.php?rest_route=\/wp\/v2\/types\/page"}],"author":[{"embeddable":true,"href":"https:\/\/inmocapitalcuu.com\/index.php?rest_route=\/wp\/v2\/users\/1"}],"replies":[{"embeddable":true,"href":"https:\/\/inmocapitalcuu.com\/index.php?rest_route=%2Fwp%2Fv2%2Fcomments&post=2197"}],"version-history":[{"count":9,"href":"https:\/\/inmocapitalcuu.com\/index.php?rest_route=\/wp\/v2\/pages\/2197\/revisions"}],"predecessor-version":[{"id":10742,"href":"https:\/\/inmocapitalcuu.com\/index.php?rest_route=\/wp\/v2\/pages\/2197\/revisions\/10742"}],"wp:attachment":[{"href":"https:\/\/inmocapitalcuu.com\/index.php?rest_route=%2Fwp%2Fv2%2Fmedia&parent=2197"}],"curies":[{"name":"wp","href":"https:\/\/api.w.org\/{rel}","templated":true}]}}